{"id":23146,"date":"2025-10-06T10:57:24","date_gmt":"2025-10-06T08:57:24","guid":{"rendered":"https:\/\/www.audifina.lt\/imoniu-reorganizavimas-ir-pertvarkymas\/"},"modified":"2026-02-19T10:03:29","modified_gmt":"2026-02-19T08:03:29","slug":"corporate-reorganization-and-restructuring","status":"publish","type":"page","link":"https:\/\/www.audifina.lt\/en\/corporate-reorganization-and-restructuring\/","title":{"rendered":"Corporate reorganization and restructuring"},"content":{"rendered":"\t\t<div data-elementor-type=\"wp-page\" data-elementor-id=\"23146\" class=\"elementor elementor-23146 elementor-22265\" data-elementor-post-type=\"page\">\n\t\t\t\t<div class=\"elementor-element elementor-element-407bf96a e-grid e-con-boxed sc_layouts_column_icons_position_left magic-button-disabled-no e-con e-parent\" data-id=\"407bf96a\" data-element_type=\"container\">\n\t\t\t\t\t<div class=\"e-con-inner\">\n\t\t<div class=\"elementor-element elementor-element-16fc03ef e-con-full e-flex sc_layouts_column_icons_position_left magic-button-disabled-no e-con e-child\" data-id=\"16fc03ef\" data-element_type=\"container\">\n\t\t\t\t<div class=\"elementor-element elementor-element-24b8617e sc_fly_static elementor-widget elementor-widget-heading\" data-id=\"24b8617e\" data-element_type=\"widget\" data-widget_type=\"heading.default\">\n\t\t\t\t\t<h1 class=\"elementor-heading-title elementor-size-default\">Corporate reorganization and restructuring<\/h1>\t\t\t\t<\/div>\n\t\t\t\t<div class=\"elementor-element elementor-element-2272e8ee sc_fly_static elementor-widget elementor-widget-text-editor\" data-id=\"2272e8ee\" data-element_type=\"widget\" data-widget_type=\"text-editor.default\">\n\t\t\t\t\t\t\t\t\t<p>Reorganization and restructuring of companies is our service that helps to create the most effective business structure, ensuring proper management of business risks and guaranteeing returns to owners. These results can be achieved by reorganizing companies &#8211; by separating, merging, acquiring, distributing them. Our consultants have accumulated vast experience in reorganizing businesses in various fields (logistics, construction, medicine, wood, metalworking, IT services, etc.), they are ready to offer the most optimal solutions for your business.<\/p>\t\t\t\t\t\t\t\t<\/div>\n\t\t\t\t<\/div>\n\t\t<div class=\"elementor-element elementor-element-3ca4f276 e-con-full e-flex sc_layouts_column_icons_position_left magic-button-disabled-no e-con e-child\" data-id=\"3ca4f276\" data-element_type=\"container\">\n\t\t\t\t<div class=\"elementor-element elementor-element-2fc3b232 sc_fly_static elementor-widget elementor-widget-image\" data-id=\"2fc3b232\" data-element_type=\"widget\" data-widget_type=\"image.default\">\n\t\t\t\t\t\t\t\t\t\t\t\t\t\t\t<img decoding=\"async\" src=\"https:\/\/www.audifina.lt\/wp-content\/uploads\/elementor\/thumbs\/7eeddc69371c103193b483950a84c9fb28aac1a5-rait6prqdneav5zv99jkjq0r06tigymwq230zp7pba.webp\" title=\"7eeddc69371c103193b483950a84c9fb28aac1a5\" alt=\"7eeddc69371c103193b483950a84c9fb28aac1a5\" loading=\"lazy\" \/>\t\t\t\t\t\t\t\t\t\t\t\t\t\t\t<\/div>\n\t\t\t\t<\/div>\n\t\t\t\t\t<\/div>\n\t\t\t\t<\/div>\n\t\t<div class=\"elementor-element elementor-element-a3b9b4e e-flex e-con-boxed sc_layouts_column_icons_position_left magic-button-disabled-no e-con e-parent\" data-id=\"a3b9b4e\" data-element_type=\"container\" data-settings=\"{&quot;background_background&quot;:&quot;classic&quot;}\">\n\t\t\t\t\t<div class=\"e-con-inner\">\n\t\t<div class=\"elementor-element elementor-element-100e19e e-con-full e-flex sc_layouts_column_icons_position_left magic-button-disabled-no e-con e-child\" data-id=\"100e19e\" data-element_type=\"container\">\n\t\t<div class=\"elementor-element elementor-element-b7684b7 e-grid e-con-full sc_layouts_column_icons_position_left magic-button-disabled-no e-con e-child\" data-id=\"b7684b7\" data-element_type=\"container\">\n\t\t<div class=\"elementor-element elementor-element-c41eb9a e-con-full e-flex sc_layouts_column_icons_position_left magic-button-disabled-no e-con e-child\" data-id=\"c41eb9a\" data-element_type=\"container\">\n\t\t\t\t<div class=\"elementor-element elementor-element-59f13a6 sc_fly_static elementor-widget elementor-widget-heading\" data-id=\"59f13a6\" data-element_type=\"widget\" data-widget_type=\"heading.default\">\n\t\t\t\t\t<span class=\"elementor-heading-title elementor-size-default\">CONTACT US<\/span>\t\t\t\t<\/div>\n\t\t\t\t<div class=\"elementor-element elementor-element-5c83a19 elementor-widget__width-initial sc_fly_static elementor-widget elementor-widget-heading\" data-id=\"5c83a19\" data-element_type=\"widget\" data-widget_type=\"heading.default\">\n\t\t\t\t\t<h2 class=\"elementor-heading-title elementor-size-default\">Have questions? Get in touch - we\u2019ll help you find the right solution.<\/h2>\t\t\t\t<\/div>\n\t\t\t\t<\/div>\n\t\t<div class=\"elementor-element elementor-element-f08d699 e-grid e-con-full sc_layouts_column_icons_position_left magic-button-disabled-no e-con e-child\" data-id=\"f08d699\" data-element_type=\"container\">\n\t\t<div class=\"elementor-element elementor-element-23957f1 e-flex e-con-boxed sc_layouts_column_icons_position_left magic-button-disabled-no e-con e-child\" data-id=\"23957f1\" data-element_type=\"container\">\n\t\t\t\t\t<div class=\"e-con-inner\">\n\t\t\t\t<div class=\"elementor-element elementor-element-5d0fd52 with-elementor-animation-trx_hover_zoom sc_fly_static elementor-widget elementor-widget-image\" data-id=\"5d0fd52\" data-element_type=\"widget\" data-widget_type=\"image.default\">\n\t\t\t\t\t\t\t\t\t\t\t\t\t\t\t\t<a href=\"https:\/\/www.audifina.lt\/komanda\/rimgaudas-pazniokas\/\">\n\t\t\t\t\t\t\t<img fetchpriority=\"high\" decoding=\"async\" width=\"1000\" height=\"1000\" src=\"https:\/\/www.audifina.lt\/wp-content\/uploads\/2026\/01\/Rimgaudas_P_1000x1000.png\" class=\"elementor-animation-trx_hover_zoom attachment-large size-large wp-image-24815\" alt=\"\" srcset=\"https:\/\/www.audifina.lt\/wp-content\/uploads\/2026\/01\/Rimgaudas_P_1000x1000.png 1000w, https:\/\/www.audifina.lt\/wp-content\/uploads\/2026\/01\/Rimgaudas_P_1000x1000-300x300.png 300w, https:\/\/www.audifina.lt\/wp-content\/uploads\/2026\/01\/Rimgaudas_P_1000x1000-150x150.png 150w, https:\/\/www.audifina.lt\/wp-content\/uploads\/2026\/01\/Rimgaudas_P_1000x1000-768x768.png 768w, https:\/\/www.audifina.lt\/wp-content\/uploads\/2026\/01\/Rimgaudas_P_1000x1000-370x370.png 370w, https:\/\/www.audifina.lt\/wp-content\/uploads\/2026\/01\/Rimgaudas_P_1000x1000-120x120.png 120w, https:\/\/www.audifina.lt\/wp-content\/uploads\/2026\/01\/Rimgaudas_P_1000x1000-840x840.png 840w, https:\/\/www.audifina.lt\/wp-content\/uploads\/2026\/01\/Rimgaudas_P_1000x1000-410x410.png 410w\" sizes=\"(max-width: 1000px) 100vw, 1000px\" \/>\t\t\t\t\t\t\t\t<\/a>\n\t\t\t\t\t\t\t\t\t\t\t\t\t\t\t<\/div>\n\t\t<div class=\"elementor-element elementor-element-8fb4ddd e-con-full e-flex sc_layouts_column_icons_position_left magic-button-disabled-no e-con e-child\" data-id=\"8fb4ddd\" data-element_type=\"container\">\n\t\t\t\t<div class=\"elementor-element elementor-element-1d616dd sc_fly_static elementor-widget elementor-widget-heading\" data-id=\"1d616dd\" data-element_type=\"widget\" data-widget_type=\"heading.default\">\n\t\t\t\t\t<span class=\"elementor-heading-title elementor-size-default\">Rimgaudas Pazniokas<\/span>\t\t\t\t<\/div>\n\t\t<div class=\"elementor-element elementor-element-ce199a8 e-grid e-con-full sc_layouts_column_icons_position_left magic-button-disabled-no e-con e-child\" data-id=\"ce199a8\" data-element_type=\"container\">\n\t\t\t\t<div class=\"elementor-element elementor-element-1ec73ae sc_fly_static elementor-widget elementor-widget-heading\" data-id=\"1ec73ae\" data-element_type=\"widget\" data-widget_type=\"heading.default\">\n\t\t\t\t\t<span class=\"elementor-heading-title elementor-size-default\">Partner<\/span>\t\t\t\t<\/div>\n\t\t\t\t<div class=\"elementor-element elementor-element-be3d88a sc_fly_static elementor-widget elementor-widget-text-editor\" data-id=\"be3d88a\" data-element_type=\"widget\" data-widget_type=\"text-editor.default\">\n\t\t\t\t\t\t\t\t\t<p><a href=\"mailto:rimgaudas.pazniokas@audifina.lt\">rimgaudas.pazniokas@audifina.lt<\/a><\/p>\t\t\t\t\t\t\t\t<\/div>\n\t\t\t\t<\/div>\n\t\t\t\t<\/div>\n\t\t\t\t<div class=\"elementor-element elementor-element-7249495 sc_fly_static elementor-widget elementor-widget-button\" data-id=\"7249495\" data-element_type=\"widget\" data-widget_type=\"button.default\">\n\t\t\t\t\t\t\t\t\t\t<a class=\"elementor-button elementor-button-link elementor-size-sm\" href=\"https:\/\/www.audifina.lt\/en\/team\/rimgaudas-pazniokas\/\" target=\"_blank\">\n\t\t\t\t\t\t<span class=\"elementor-button-content-wrapper\">\n\t\t\t\t\t\t\t\t\t<span class=\"elementor-button-text\">View profile<\/span>\n\t\t\t\t\t<\/span>\n\t\t\t\t\t<\/a>\n\t\t\t\t\t\t\t\t<\/div>\n\t\t\t\t\t<\/div>\n\t\t\t\t<\/div>\n\t\t<div class=\"elementor-element elementor-element-ad29e9c e-flex e-con-boxed sc_layouts_column_icons_position_left magic-button-disabled-no e-con e-child\" data-id=\"ad29e9c\" data-element_type=\"container\">\n\t\t\t\t\t<div class=\"e-con-inner\">\n\t\t\t\t<div class=\"elementor-element elementor-element-a8123c9 with-elementor-animation-trx_hover_zoom sc_fly_static elementor-widget elementor-widget-image\" data-id=\"a8123c9\" data-element_type=\"widget\" data-widget_type=\"image.default\">\n\t\t\t\t\t\t\t\t\t\t\t\t\t\t\t\t<a href=\"https:\/\/www.audifina.lt\/en\/team\/olga-boguseviciene\/\">\n\t\t\t\t\t\t\t<img decoding=\"async\" width=\"1000\" height=\"1000\" src=\"https:\/\/www.audifina.lt\/wp-content\/uploads\/2026\/01\/Olga_B_1000x1000.png\" class=\"elementor-animation-trx_hover_zoom attachment-large size-large wp-image-24817\" alt=\"\" srcset=\"https:\/\/www.audifina.lt\/wp-content\/uploads\/2026\/01\/Olga_B_1000x1000.png 1000w, https:\/\/www.audifina.lt\/wp-content\/uploads\/2026\/01\/Olga_B_1000x1000-300x300.png 300w, https:\/\/www.audifina.lt\/wp-content\/uploads\/2026\/01\/Olga_B_1000x1000-150x150.png 150w, https:\/\/www.audifina.lt\/wp-content\/uploads\/2026\/01\/Olga_B_1000x1000-768x768.png 768w, https:\/\/www.audifina.lt\/wp-content\/uploads\/2026\/01\/Olga_B_1000x1000-370x370.png 370w, https:\/\/www.audifina.lt\/wp-content\/uploads\/2026\/01\/Olga_B_1000x1000-120x120.png 120w, https:\/\/www.audifina.lt\/wp-content\/uploads\/2026\/01\/Olga_B_1000x1000-840x840.png 840w, https:\/\/www.audifina.lt\/wp-content\/uploads\/2026\/01\/Olga_B_1000x1000-410x410.png 410w\" sizes=\"(max-width: 1000px) 100vw, 1000px\" \/>\t\t\t\t\t\t\t\t<\/a>\n\t\t\t\t\t\t\t\t\t\t\t\t\t\t\t<\/div>\n\t\t<div class=\"elementor-element elementor-element-6910fcc e-con-full e-flex sc_layouts_column_icons_position_left magic-button-disabled-no e-con e-child\" data-id=\"6910fcc\" data-element_type=\"container\">\n\t\t\t\t<div class=\"elementor-element elementor-element-5d03c86 sc_fly_static elementor-widget elementor-widget-heading\" data-id=\"5d03c86\" data-element_type=\"widget\" data-widget_type=\"heading.default\">\n\t\t\t\t\t<span class=\"elementor-heading-title elementor-size-default\">Olga Bogu\u0161evi\u010dien\u0117<\/span>\t\t\t\t<\/div>\n\t\t<div class=\"elementor-element elementor-element-3cc81f9 e-grid e-con-full sc_layouts_column_icons_position_left magic-button-disabled-no e-con e-child\" data-id=\"3cc81f9\" data-element_type=\"container\">\n\t\t\t\t<div class=\"elementor-element elementor-element-8122bdc sc_fly_static elementor-widget elementor-widget-heading\" data-id=\"8122bdc\" data-element_type=\"widget\" data-widget_type=\"heading.default\">\n\t\t\t\t\t<span class=\"elementor-heading-title elementor-size-default\">Head of Consulting Division<\/span>\t\t\t\t<\/div>\n\t\t\t\t<div class=\"elementor-element elementor-element-e1d48ac sc_fly_static elementor-widget elementor-widget-text-editor\" data-id=\"e1d48ac\" data-element_type=\"widget\" data-widget_type=\"text-editor.default\">\n\t\t\t\t\t\t\t\t\t<p><a href=\"mailto:olga.boguseviciene@audifina.lt\">olga.boguseviciene@audifina.lt<\/a><\/p>\t\t\t\t\t\t\t\t<\/div>\n\t\t\t\t<\/div>\n\t\t\t\t<\/div>\n\t\t\t\t<div class=\"elementor-element elementor-element-6ce89a1 sc_fly_static elementor-widget elementor-widget-button\" data-id=\"6ce89a1\" data-element_type=\"widget\" data-widget_type=\"button.default\">\n\t\t\t\t\t\t\t\t\t\t<a class=\"elementor-button elementor-button-link elementor-size-sm\" href=\"https:\/\/www.audifina.lt\/en\/team\/olga-boguseviciene\/\" target=\"_blank\">\n\t\t\t\t\t\t<span class=\"elementor-button-content-wrapper\">\n\t\t\t\t\t\t\t\t\t<span class=\"elementor-button-text\">View profile<\/span>\n\t\t\t\t\t<\/span>\n\t\t\t\t\t<\/a>\n\t\t\t\t\t\t\t\t<\/div>\n\t\t\t\t\t<\/div>\n\t\t\t\t<\/div>\n\t\t<div class=\"e-con-gap-no elementor-element elementor-element-3550aa6 e-flex e-con-boxed sc_layouts_column_icons_position_left magic-button-disabled-no e-con e-child\" data-id=\"3550aa6\" data-element_type=\"container\">\n\t\t\t\t\t<div class=\"e-con-inner\">\n\t\t\t\t\t<\/div>\n\t\t\t\t<\/div>\n\t\t\t\t<\/div>\n\t\t\t\t<\/div>\n\t\t\t\t<\/div>\n\t\t\t\t\t<\/div>\n\t\t\t\t<\/div>\n\t\t\t\t<\/div>\n\t\t","protected":false},"excerpt":{"rendered":"<p>Corporate reorganization and restructuring Reorganization and restructuring of companies is our service that helps to create the most effective business structure, ensuring proper management of business risks and guaranteeing returns&hellip;<\/p>\n","protected":false},"author":1,"featured_media":0,"parent":0,"menu_order":0,"comment_status":"closed","ping_status":"closed","template":"","meta":{"_acf_changed":false,"footnotes":""},"class_list":["post-23146","page","type-page","status-publish","hentry"],"acf":[],"_links":{"self":[{"href":"https:\/\/www.audifina.lt\/en\/wp-json\/wp\/v2\/pages\/23146","targetHints":{"allow":["GET"]}}],"collection":[{"href":"https:\/\/www.audifina.lt\/en\/wp-json\/wp\/v2\/pages"}],"about":[{"href":"https:\/\/www.audifina.lt\/en\/wp-json\/wp\/v2\/types\/page"}],"author":[{"embeddable":true,"href":"https:\/\/www.audifina.lt\/en\/wp-json\/wp\/v2\/users\/1"}],"replies":[{"embeddable":true,"href":"https:\/\/www.audifina.lt\/en\/wp-json\/wp\/v2\/comments?post=23146"}],"version-history":[{"count":3,"href":"https:\/\/www.audifina.lt\/en\/wp-json\/wp\/v2\/pages\/23146\/revisions"}],"predecessor-version":[{"id":25527,"href":"https:\/\/www.audifina.lt\/en\/wp-json\/wp\/v2\/pages\/23146\/revisions\/25527"}],"wp:attachment":[{"href":"https:\/\/www.audifina.lt\/en\/wp-json\/wp\/v2\/media?parent=23146"}],"curies":[{"name":"wp","href":"https:\/\/api.w.org\/{rel}","templated":true}]}}