{"id":23147,"date":"2025-10-06T10:54:19","date_gmt":"2025-10-06T08:54:19","guid":{"rendered":"https:\/\/www.audifina.lt\/imoniu-steigimas-ir-likvidavimas\/"},"modified":"2026-02-26T14:24:26","modified_gmt":"2026-02-26T12:24:26","slug":"establishment-and-liquidation-of-companies","status":"publish","type":"page","link":"https:\/\/www.audifina.lt\/en\/establishment-and-liquidation-of-companies\/","title":{"rendered":"Establishment and liquidation of companies"},"content":{"rendered":"\t\t<div data-elementor-type=\"wp-page\" data-elementor-id=\"23147\" class=\"elementor elementor-23147 elementor-22259\" data-elementor-post-type=\"page\">\n\t\t\t\t<div class=\"elementor-element elementor-element-2def1aaf e-grid e-con-boxed sc_layouts_column_icons_position_left magic-button-disabled-no e-con e-parent\" data-id=\"2def1aaf\" data-element_type=\"container\">\n\t\t\t\t\t<div class=\"e-con-inner\">\n\t\t<div class=\"elementor-element elementor-element-480a4b76 e-con-full e-flex sc_layouts_column_icons_position_left magic-button-disabled-no e-con e-child\" data-id=\"480a4b76\" data-element_type=\"container\">\n\t\t\t\t<div class=\"elementor-element elementor-element-7b4dfd26 sc_fly_static elementor-widget elementor-widget-heading\" data-id=\"7b4dfd26\" data-element_type=\"widget\" data-widget_type=\"heading.default\">\n\t\t\t\t\t<h1 class=\"elementor-heading-title elementor-size-default\">Establishment and liquidation of companies<\/h1>\t\t\t\t<\/div>\n\t\t\t\t<div class=\"elementor-element elementor-element-2a834085 sc_fly_static elementor-widget elementor-widget-text-editor\" data-id=\"2a834085\" data-element_type=\"widget\" data-widget_type=\"text-editor.default\">\n\t\t\t\t\t\t\t\t\t<p>Our service, by helping you establish a company, can significantly help you achieve not only effective financial management of this company, but also the efficiency of the entire business. Having clarified your business concept, vision and other important circumstances, we will help you decide which business form best suits your needs (UAB, AB, MB, V\u0160\u012e or I\u012e). We will take care of establishing a company both when you are in Lithuania and abroad. If your company is no longer operating, we will help you by providing company liquidation services. If necessary, we represent the client&#8217;s interests until the company is deregistered from the Register of Legal Entities.<\/p>\t\t\t\t\t\t\t\t<\/div>\n\t\t\t\t<\/div>\n\t\t<div class=\"elementor-element elementor-element-2bbfcc46 e-con-full e-flex sc_layouts_column_icons_position_left magic-button-disabled-no e-con e-child\" data-id=\"2bbfcc46\" data-element_type=\"container\">\n\t\t\t\t<div class=\"elementor-element elementor-element-7ef55199 sc_fly_static elementor-widget elementor-widget-image\" data-id=\"7ef55199\" data-element_type=\"widget\" data-widget_type=\"image.default\">\n\t\t\t\t\t\t\t\t\t\t\t\t\t\t\t<img decoding=\"async\" src=\"https:\/\/www.audifina.lt\/wp-content\/uploads\/elementor\/thumbs\/7eeddc69371c103193b483950a84c9fb28aac1a5-rait6prqdneav5zv99jkjq0r06tigymwq230zp7pba.webp\" title=\"7eeddc69371c103193b483950a84c9fb28aac1a5\" alt=\"7eeddc69371c103193b483950a84c9fb28aac1a5\" loading=\"lazy\" \/>\t\t\t\t\t\t\t\t\t\t\t\t\t\t\t<\/div>\n\t\t\t\t<\/div>\n\t\t\t\t\t<\/div>\n\t\t\t\t<\/div>\n\t\t<div class=\"elementor-element elementor-element-3e01ab23 e-flex e-con-boxed sc_layouts_column_icons_position_left magic-button-disabled-no e-con e-parent\" data-id=\"3e01ab23\" data-element_type=\"container\" data-settings=\"{&quot;background_background&quot;:&quot;classic&quot;}\">\n\t\t\t\t\t<div class=\"e-con-inner\">\n\t\t<div class=\"elementor-element elementor-element-2a25f12 e-con-full e-flex sc_layouts_column_icons_position_left magic-button-disabled-no e-con e-child\" data-id=\"2a25f12\" data-element_type=\"container\">\n\t\t<div class=\"elementor-element elementor-element-15e5445 e-grid e-con-full sc_layouts_column_icons_position_left magic-button-disabled-no e-con e-child\" data-id=\"15e5445\" data-element_type=\"container\">\n\t\t<div class=\"elementor-element elementor-element-260c938 e-con-full e-flex sc_layouts_column_icons_position_left magic-button-disabled-no e-con e-child\" data-id=\"260c938\" data-element_type=\"container\">\n\t\t\t\t<div class=\"elementor-element elementor-element-9e3bcf5 sc_fly_static elementor-widget elementor-widget-heading\" data-id=\"9e3bcf5\" data-element_type=\"widget\" data-widget_type=\"heading.default\">\n\t\t\t\t\t<span class=\"elementor-heading-title elementor-size-default\">CONTACT US<\/span>\t\t\t\t<\/div>\n\t\t\t\t<div class=\"elementor-element elementor-element-3749d47 elementor-widget__width-initial sc_fly_static elementor-widget elementor-widget-heading\" data-id=\"3749d47\" data-element_type=\"widget\" data-widget_type=\"heading.default\">\n\t\t\t\t\t<h2 class=\"elementor-heading-title elementor-size-default\">Have questions? Get in touch - we\u2019ll help you find the right solution.<\/h2>\t\t\t\t<\/div>\n\t\t\t\t<\/div>\n\t\t<div class=\"elementor-element elementor-element-7c67b35 e-grid e-con-full sc_layouts_column_icons_position_left magic-button-disabled-no e-con e-child\" data-id=\"7c67b35\" data-element_type=\"container\">\n\t\t<div class=\"elementor-element elementor-element-4ad965e e-flex e-con-boxed sc_layouts_column_icons_position_left magic-button-disabled-no e-con e-child\" data-id=\"4ad965e\" data-element_type=\"container\">\n\t\t\t\t\t<div class=\"e-con-inner\">\n\t\t\t\t<div class=\"elementor-element elementor-element-a384c3c with-elementor-animation-trx_hover_zoom sc_fly_static elementor-widget elementor-widget-image\" data-id=\"a384c3c\" data-element_type=\"widget\" data-widget_type=\"image.default\">\n\t\t\t\t\t\t\t\t\t\t\t\t\t\t\t\t<a href=\"https:\/\/www.audifina.lt\/komanda\/rimgaudas-pazniokas\/\">\n\t\t\t\t\t\t\t<img fetchpriority=\"high\" decoding=\"async\" width=\"1000\" height=\"1000\" src=\"https:\/\/www.audifina.lt\/wp-content\/uploads\/2026\/01\/Rimgaudas_P_1000x1000.png\" class=\"elementor-animation-trx_hover_zoom attachment-large size-large wp-image-24815\" alt=\"\" srcset=\"https:\/\/www.audifina.lt\/wp-content\/uploads\/2026\/01\/Rimgaudas_P_1000x1000.png 1000w, https:\/\/www.audifina.lt\/wp-content\/uploads\/2026\/01\/Rimgaudas_P_1000x1000-300x300.png 300w, https:\/\/www.audifina.lt\/wp-content\/uploads\/2026\/01\/Rimgaudas_P_1000x1000-150x150.png 150w, https:\/\/www.audifina.lt\/wp-content\/uploads\/2026\/01\/Rimgaudas_P_1000x1000-768x768.png 768w, https:\/\/www.audifina.lt\/wp-content\/uploads\/2026\/01\/Rimgaudas_P_1000x1000-370x370.png 370w, https:\/\/www.audifina.lt\/wp-content\/uploads\/2026\/01\/Rimgaudas_P_1000x1000-120x120.png 120w, https:\/\/www.audifina.lt\/wp-content\/uploads\/2026\/01\/Rimgaudas_P_1000x1000-840x840.png 840w, https:\/\/www.audifina.lt\/wp-content\/uploads\/2026\/01\/Rimgaudas_P_1000x1000-410x410.png 410w\" sizes=\"(max-width: 1000px) 100vw, 1000px\" \/>\t\t\t\t\t\t\t\t<\/a>\n\t\t\t\t\t\t\t\t\t\t\t\t\t\t\t<\/div>\n\t\t<div class=\"elementor-element elementor-element-302f9f2 e-con-full e-flex sc_layouts_column_icons_position_left magic-button-disabled-no e-con e-child\" data-id=\"302f9f2\" data-element_type=\"container\">\n\t\t\t\t<div class=\"elementor-element elementor-element-558f232 sc_fly_static elementor-widget elementor-widget-heading\" data-id=\"558f232\" data-element_type=\"widget\" data-widget_type=\"heading.default\">\n\t\t\t\t\t<span class=\"elementor-heading-title elementor-size-default\">Rimgaudas Pazniokas<\/span>\t\t\t\t<\/div>\n\t\t<div class=\"elementor-element elementor-element-7a07e0b e-grid e-con-full sc_layouts_column_icons_position_left magic-button-disabled-no e-con e-child\" data-id=\"7a07e0b\" data-element_type=\"container\">\n\t\t\t\t<div class=\"elementor-element elementor-element-37ba33e sc_fly_static elementor-widget elementor-widget-heading\" data-id=\"37ba33e\" data-element_type=\"widget\" data-widget_type=\"heading.default\">\n\t\t\t\t\t<span class=\"elementor-heading-title elementor-size-default\">Partner<\/span>\t\t\t\t<\/div>\n\t\t\t\t<div class=\"elementor-element elementor-element-c32ef00 sc_fly_static elementor-widget elementor-widget-text-editor\" data-id=\"c32ef00\" data-element_type=\"widget\" data-widget_type=\"text-editor.default\">\n\t\t\t\t\t\t\t\t\t<p><a href=\"mailto:rimgaudas.pazniokas@audifina.lt\">rimgaudas.pazniokas@audifina.lt<\/a><\/p>\t\t\t\t\t\t\t\t<\/div>\n\t\t\t\t<\/div>\n\t\t\t\t<\/div>\n\t\t\t\t<div class=\"elementor-element elementor-element-64c8d45 sc_fly_static elementor-widget elementor-widget-button\" data-id=\"64c8d45\" data-element_type=\"widget\" data-widget_type=\"button.default\">\n\t\t\t\t\t\t\t\t\t\t<a class=\"elementor-button elementor-button-link elementor-size-sm\" href=\"https:\/\/www.audifina.lt\/en\/team\/rimgaudas-pazniokas\/\" target=\"_blank\">\n\t\t\t\t\t\t<span class=\"elementor-button-content-wrapper\">\n\t\t\t\t\t\t\t\t\t<span class=\"elementor-button-text\">View profile<\/span>\n\t\t\t\t\t<\/span>\n\t\t\t\t\t<\/a>\n\t\t\t\t\t\t\t\t<\/div>\n\t\t\t\t\t<\/div>\n\t\t\t\t<\/div>\n\t\t<div class=\"elementor-element elementor-element-621d6a4 e-flex e-con-boxed sc_layouts_column_icons_position_left magic-button-disabled-no e-con e-child\" data-id=\"621d6a4\" data-element_type=\"container\">\n\t\t\t\t\t<div class=\"e-con-inner\">\n\t\t<div class=\"elementor-element elementor-element-1432fe6 e-con-full e-flex sc_layouts_column_icons_position_left magic-button-disabled-no e-con e-child\" data-id=\"1432fe6\" data-element_type=\"container\">\n\t\t<div class=\"elementor-element elementor-element-45aa790 e-grid e-con-full sc_layouts_column_icons_position_left magic-button-disabled-no e-con e-child\" data-id=\"45aa790\" data-element_type=\"container\">\n\t\t\t\t<\/div>\n\t\t\t\t<\/div>\n\t\t\t\t\t<\/div>\n\t\t\t\t<\/div>\n\t\t<div class=\"e-con-gap-no elementor-element elementor-element-b9b3237 e-flex e-con-boxed sc_layouts_column_icons_position_left magic-button-disabled-no e-con e-child\" data-id=\"b9b3237\" data-element_type=\"container\">\n\t\t\t\t\t<div class=\"e-con-inner\">\n\t\t\t\t\t<\/div>\n\t\t\t\t<\/div>\n\t\t\t\t<\/div>\n\t\t\t\t<\/div>\n\t\t\t\t<\/div>\n\t\t\t\t\t<\/div>\n\t\t\t\t<\/div>\n\t\t\t\t<\/div>\n\t\t","protected":false},"excerpt":{"rendered":"<p>Establishment and liquidation of companies Our service, by helping you establish a company, can significantly help you achieve not only effective financial management of this company, but also the efficiency&hellip;<\/p>\n","protected":false},"author":1,"featured_media":0,"parent":0,"menu_order":0,"comment_status":"closed","ping_status":"closed","template":"","meta":{"_acf_changed":false,"footnotes":""},"class_list":["post-23147","page","type-page","status-publish","hentry"],"acf":[],"_links":{"self":[{"href":"https:\/\/www.audifina.lt\/en\/wp-json\/wp\/v2\/pages\/23147","targetHints":{"allow":["GET"]}}],"collection":[{"href":"https:\/\/www.audifina.lt\/en\/wp-json\/wp\/v2\/pages"}],"about":[{"href":"https:\/\/www.audifina.lt\/en\/wp-json\/wp\/v2\/types\/page"}],"author":[{"embeddable":true,"href":"https:\/\/www.audifina.lt\/en\/wp-json\/wp\/v2\/users\/1"}],"replies":[{"embeddable":true,"href":"https:\/\/www.audifina.lt\/en\/wp-json\/wp\/v2\/comments?post=23147"}],"version-history":[{"count":3,"href":"https:\/\/www.audifina.lt\/en\/wp-json\/wp\/v2\/pages\/23147\/revisions"}],"predecessor-version":[{"id":25669,"href":"https:\/\/www.audifina.lt\/en\/wp-json\/wp\/v2\/pages\/23147\/revisions\/25669"}],"wp:attachment":[{"href":"https:\/\/www.audifina.lt\/en\/wp-json\/wp\/v2\/media?parent=23147"}],"curies":[{"name":"wp","href":"https:\/\/api.w.org\/{rel}","templated":true}]}}